{"id":74,"date":"2017-08-20T13:25:18","date_gmt":"2017-08-20T12:25:18","guid":{"rendered":"http:\/\/lrroom.com\/?page_id=74"},"modified":"2017-08-20T13:28:24","modified_gmt":"2017-08-20T12:28:24","slug":"enfants","status":"publish","type":"page","link":"https:\/\/lrroom.com\/?page_id=74","title":{"rendered":"Enfants"},"content":{"rendered":"<div class=\"woocommerce columns-4 \"><ul class=\"products columns-4\">\n<li class=\"product type-product post-70 status-publish first instock product_cat-enfants sale taxable shipping-taxable purchasable product-type-simple\">\n\t<a href=\"https:\/\/lrroom.com\/?product=test123\" class=\"woocommerce-LoopProduct-link woocommerce-loop-product__link\"><img loading=\"lazy\" decoding=\"async\" width=\"324\" height=\"324\" src=\"https:\/\/lrroom.com\/wp-content\/uploads\/woocommerce-placeholder.png\" class=\"woocommerce-placeholder wp-post-image\" alt=\"Etiquette\" srcset=\"https:\/\/lrroom.com\/wp-content\/uploads\/woocommerce-placeholder.png 1200w, https:\/\/lrroom.com\/wp-content\/uploads\/woocommerce-placeholder-300x300.png 300w, https:\/\/lrroom.com\/wp-content\/uploads\/woocommerce-placeholder-1024x1024.png 1024w, https:\/\/lrroom.com\/wp-content\/uploads\/woocommerce-placeholder-150x150.png 150w, https:\/\/lrroom.com\/wp-content\/uploads\/woocommerce-placeholder-768x768.png 768w\" sizes=\"auto, (max-width: 324px) 100vw, 324px\" \/><h2 class=\"woocommerce-loop-product__title\">Test123<\/h2>\n\t<span class=\"onsale\">Promo\u00a0!<\/span>\n\t\n\t<span class=\"price\"><del aria-hidden=\"true\"><span class=\"woocommerce-Price-amount amount\"><bdi>77.00<span class=\"woocommerce-Price-currencySymbol\">&#67;&#72;&#70;<\/span><\/bdi><\/span><\/del> <span class=\"screen-reader-text\">Le prix initial \u00e9tait\u00a0: 77.00&#067;&#072;&#070;.<\/span><ins aria-hidden=\"true\"><span class=\"woocommerce-Price-amount amount\"><bdi>66.99<span class=\"woocommerce-Price-currencySymbol\">&#67;&#72;&#70;<\/span><\/bdi><\/span><\/ins><span class=\"screen-reader-text\">Le prix actuel est\u00a0: 66.99&#067;&#072;&#070;.<\/span><\/span>\n<\/a><a href=\"?add-to-cart=70\" aria-describedby=\"woocommerce_loop_add_to_cart_link_describedby_70\" data-quantity=\"1\" class=\"button product_type_simple add_to_cart_button ajax_add_to_cart\" data-product_id=\"70\" data-product_sku=\"\" aria-label=\"Ajouter au panier\u00a0: &ldquo;Test123&rdquo;\" rel=\"nofollow\" data-success_message=\"\u00ab\u00a0Test123\u00a0\u00bb a \u00e9t\u00e9 ajout\u00e9 \u00e0 votre panier\">Ajouter au panier<\/a>\t<span id=\"woocommerce_loop_add_to_cart_link_describedby_70\" class=\"screen-reader-text\">\n\t\t\t<\/span>\n<\/li>\n<\/ul>\n<\/div>\n","protected":false},"excerpt":{"rendered":"","protected":false},"author":2,"featured_media":0,"parent":0,"menu_order":2,"comment_status":"closed","ping_status":"closed","template":"","meta":{"footnotes":""},"class_list":["post-74","page","type-page","status-publish","hentry"],"_links":{"self":[{"href":"https:\/\/lrroom.com\/index.php?rest_route=\/wp\/v2\/pages\/74","targetHints":{"allow":["GET"]}}],"collection":[{"href":"https:\/\/lrroom.com\/index.php?rest_route=\/wp\/v2\/pages"}],"about":[{"href":"https:\/\/lrroom.com\/index.php?rest_route=\/wp\/v2\/types\/page"}],"author":[{"embeddable":true,"href":"https:\/\/lrroom.com\/index.php?rest_route=\/wp\/v2\/users\/2"}],"replies":[{"embeddable":true,"href":"https:\/\/lrroom.com\/index.php?rest_route=%2Fwp%2Fv2%2Fcomments&post=74"}],"version-history":[{"count":1,"href":"https:\/\/lrroom.com\/index.php?rest_route=\/wp\/v2\/pages\/74\/revisions"}],"predecessor-version":[{"id":75,"href":"https:\/\/lrroom.com\/index.php?rest_route=\/wp\/v2\/pages\/74\/revisions\/75"}],"wp:attachment":[{"href":"https:\/\/lrroom.com\/index.php?rest_route=%2Fwp%2Fv2%2Fmedia&parent=74"}],"curies":[{"name":"wp","href":"https:\/\/api.w.org\/{rel}","templated":true}]}}